{"id":15,"date":"2023-10-04T17:32:13","date_gmt":"2023-10-04T15:32:13","guid":{"rendered":"http:\/\/nouveau.lafistiniere.com\/www\/?page_id=15"},"modified":"2024-08-02T15:23:20","modified_gmt":"2024-08-02T13:23:20","slug":"programme-activites","status":"publish","type":"page","link":"https:\/\/nouveau.lafistiniere.com\/www\/programme-activites\/","title":{"rendered":"Programme d&rsquo;activit\u00e9s"},"content":{"rendered":"\t\t<div data-elementor-type=\"wp-page\" data-elementor-id=\"15\" class=\"elementor elementor-15\">\n\t\t\t\t<div class=\"elementor-element elementor-element-240b7ac e-flex e-con-boxed e-con e-parent\" data-id=\"240b7ac\" data-element_type=\"container\" data-e-type=\"container\">\n\t\t\t\t\t<div class=\"e-con-inner\">\n\t\t<div class=\"elementor-element elementor-element-548d060 e-con-full e-flex e-con e-child\" data-id=\"548d060\" data-element_type=\"container\" data-e-type=\"container\">\n\t\t\t\t<div class=\"elementor-element elementor-element-d21ecf4 elementor-widget elementor-widget-heading\" data-id=\"d21ecf4\" data-element_type=\"widget\" data-e-type=\"widget\" data-widget_type=\"heading.default\">\n\t\t\t\t<div class=\"elementor-widget-container\">\n\t\t\t\t\t<h2 class=\"elementor-heading-title elementor-size-default\">Programme d'activit\u00e9s 2024<\/h2>\t\t\t\t<\/div>\n\t\t\t\t<\/div>\n\t\t\t\t<div class=\"elementor-element elementor-element-8e1c8b2 elementor-widget elementor-widget-image\" data-id=\"8e1c8b2\" data-element_type=\"widget\" data-e-type=\"widget\" data-widget_type=\"image.default\">\n\t\t\t\t<div class=\"elementor-widget-container\">\n\t\t\t\t\t\t\t\t\t\t\t\t\t\t\t<img decoding=\"async\" src=\"https:\/\/nouveau.lafistiniere.com\/www\/wp-content\/plugins\/elementor\/assets\/images\/placeholder.png\" title=\"\" alt=\"\" loading=\"lazy\" \/>\t\t\t\t\t\t\t\t\t\t\t\t\t\t\t<\/div>\n\t\t\t\t<\/div>\n\t\t\t\t<\/div>\n\t\t<div class=\"elementor-element elementor-element-40ebfe6 e-con-full e-flex e-con e-child\" data-id=\"40ebfe6\" data-element_type=\"container\" data-e-type=\"container\" data-settings=\"{&quot;background_background&quot;:&quot;classic&quot;}\">\n\t\t\t\t<div class=\"elementor-element elementor-element-df25452 elementor-widget elementor-widget-wp-widget-tribe-widget-events-list\" data-id=\"df25452\" data-element_type=\"widget\" data-e-type=\"widget\" data-widget_type=\"wp-widget-tribe-widget-events-list.default\">\n\t\t\t\t<div class=\"elementor-widget-container\">\n\t\t\t\t\t<div  class=\"tribe-compatibility-container\" >\n\t<div\n\t\t class=\"tribe-common tribe-events tribe-events-view tribe-events-view--widget-events-list tribe-events-widget\" \t\tdata-js=\"tribe-events-view\"\n\t\tdata-view-rest-url=\"https:\/\/nouveau.lafistiniere.com\/www\/wp-json\/tribe\/views\/v2\/html\"\n\t\tdata-view-manage-url=\"1\"\n\t\t\t\t\t\t\tdata-view-breakpoint-pointer=\"cdbef8b4-f5c5-4ccb-b846-d3d3521752ea\"\n\t\t\t>\n\t\t<div class=\"tribe-events-widget-events-list\">\n\n\t\t\t\n\t\t\t<script data-js=\"tribe-events-view-data\" type=\"application\/json\">\n\t{\"slug\":\"widget-events-list\",\"prev_url\":\"\",\"next_url\":\"\",\"view_class\":\"Tribe\\\\Events\\\\Views\\\\V2\\\\Views\\\\Widgets\\\\Widget_List_View\",\"view_slug\":\"widget-events-list\",\"view_label\":\"View\",\"view\":null,\"should_manage_url\":true,\"id\":null,\"alias-slugs\":null,\"title\":\"Prochains \\u00c9v\\u00e8nements \\u2013 Newlafistiniere\",\"limit\":\"6\",\"no_upcoming_events\":false,\"featured_events_only\":false,\"jsonld_enable\":true,\"tribe_is_list_widget\":false,\"admin_fields\":{\"title\":{\"label\":\"Titre\\u00a0:\",\"type\":\"text\",\"classes\":\"\",\"dependency\":\"\",\"id\":\"widget-tribe-widget-events-list-REPLACE_TO_ID-title\",\"name\":\"widget-tribe-widget-events-list[REPLACE_TO_ID][title]\",\"options\":[],\"placeholder\":\"\",\"value\":null},\"limit\":{\"label\":\"Afficher\\u00a0:\",\"type\":\"number\",\"default\":5,\"min\":1,\"max\":10,\"step\":1,\"classes\":\"\",\"dependency\":\"\",\"id\":\"widget-tribe-widget-events-list-REPLACE_TO_ID-limit\",\"name\":\"widget-tribe-widget-events-list[REPLACE_TO_ID][limit]\",\"options\":[],\"placeholder\":\"\",\"value\":null},\"no_upcoming_events\":{\"label\":\"Cacher ce widget s\\u2019il n\\u2019y a pas d\\u2019\\u00e9v\\u00e8nements \\u00e0 venir.\",\"type\":\"checkbox\",\"classes\":\"\",\"dependency\":\"\",\"id\":\"widget-tribe-widget-events-list-REPLACE_TO_ID-no_upcoming_events\",\"name\":\"widget-tribe-widget-events-list[REPLACE_TO_ID][no_upcoming_events]\",\"options\":[],\"placeholder\":\"\",\"value\":null},\"featured_events_only\":{\"label\":\"Limiter uniquement pour les \\u00e9v\\u00e8nements mis en avant\",\"type\":\"checkbox\",\"classes\":\"\",\"dependency\":\"\",\"id\":\"widget-tribe-widget-events-list-REPLACE_TO_ID-featured_events_only\",\"name\":\"widget-tribe-widget-events-list[REPLACE_TO_ID][featured_events_only]\",\"options\":[],\"placeholder\":\"\",\"value\":null},\"jsonld_enable\":{\"label\":\"G\\u00e9n\\u00e9rer les donn\\u00e9es JSON-LD\",\"type\":\"checkbox\",\"classes\":\"\",\"dependency\":\"\",\"id\":\"widget-tribe-widget-events-list-REPLACE_TO_ID-jsonld_enable\",\"name\":\"widget-tribe-widget-events-list[REPLACE_TO_ID][jsonld_enable]\",\"options\":[],\"placeholder\":\"\",\"value\":null}},\"events\":[],\"url\":\"https:\\\/\\\/nouveau.lafistiniere.com\\\/www\\\/?post_type=tribe_events&eventDisplay=widget-events-list\",\"url_event_date\":false,\"bar\":{\"keyword\":\"\",\"date\":\"\"},\"today\":\"2026-04-17 00:00:00\",\"now\":\"2026-04-17 15:34:22\",\"rest_url\":\"https:\\\/\\\/nouveau.lafistiniere.com\\\/www\\\/wp-json\\\/tribe\\\/views\\\/v2\\\/html\",\"rest_method\":\"POST\",\"rest_nonce\":\"\",\"today_url\":\"https:\\\/\\\/nouveau.lafistiniere.com\\\/www\\\/?post_type=tribe_events&eventDisplay=widget-events-list&rest_route=%2Fwp%2Fv2%2Fpages%2F15\",\"today_title\":\"Cliquer pour s\\u00e9lectionner la date du jour\",\"today_label\":\"Aujourd\\u2019hui\",\"prev_label\":\"\",\"next_label\":\"\",\"date_formats\":{\"compact\":\"j\\\/n\\\/Y\",\"month_and_year_compact\":\"n\\\/Y\",\"month_and_year\":\"F Y\",\"time_range_separator\":\" - \",\"date_time_separator\":\" |\"},\"messages\":{\"notice\":[\"Il n\\u2019y a pas d\\u2019\\u00e9v\\u00e8nements \\u00e0 venir.\"]},\"start_of_week\":\"1\",\"header_title\":\"\",\"header_title_element\":\"h1\",\"content_title\":\"\",\"breadcrumbs\":[],\"before_events\":\"\",\"after_events\":\"\\n<!--\\nThis calendar is powered by The Events Calendar.\\nhttp:\\\/\\\/evnt.is\\\/18wn\\n-->\\n\",\"display_events_bar\":false,\"disable_event_search\":false,\"live_refresh\":true,\"ical\":{\"display_link\":true,\"link\":{\"url\":\"https:\\\/\\\/nouveau.lafistiniere.com\\\/www\\\/?post_type=tribe_events&#038;eventDisplay=widget-events-list&#038;ical=1\",\"text\":\"Exporter \\u00c9v\\u00e8nements\",\"title\":\"Utilisez ceci pour partager les donn\\u00e9es de calendrier avec Google Calendar, Apple iCal et d\\u2019autres applications compatibles\"}},\"container_classes\":[\"tribe-common\",\"tribe-events\",\"tribe-events-view\",\"tribe-events-view--widget-events-list\",\"tribe-events-widget\"],\"container_data\":[],\"is_past\":false,\"breakpoints\":{\"xsmall\":500,\"medium\":768,\"full\":960},\"breakpoint_pointer\":\"cdbef8b4-f5c5-4ccb-b846-d3d3521752ea\",\"is_initial_load\":false,\"public_views\":{\"list\":{\"view_class\":\"Tribe\\\\Events\\\\Views\\\\V2\\\\Views\\\\List_View\",\"view_url\":\"https:\\\/\\\/nouveau.lafistiniere.com\\\/www\\\/events\\\/liste\\\/\",\"view_label\":\"Liste\"},\"month\":{\"view_class\":\"Tribe\\\\Events\\\\Views\\\\V2\\\\Views\\\\Month_View\",\"view_url\":\"https:\\\/\\\/nouveau.lafistiniere.com\\\/www\\\/events\\\/mois\\\/\",\"view_label\":\"Mois\"},\"day\":{\"view_class\":\"Tribe\\\\Events\\\\Views\\\\V2\\\\Views\\\\Day_View\",\"view_url\":\"https:\\\/\\\/nouveau.lafistiniere.com\\\/www\\\/events\\\/aujourdhui\\\/\",\"view_label\":\"Jour\"}},\"show_latest_past\":false,\"compatibility_classes\":[\"tribe-compatibility-container\"],\"view_more_text\":\"Voir le calendrier\",\"view_more_title\":\"Voir plus d\\u2019\\u00e9v\\u00e8nements.\",\"view_more_link\":\"https:\\\/\\\/nouveau.lafistiniere.com\\\/www\\\/events\\\/\",\"widget_title\":\"\\u00c9v\\u00e8nements \\u00e0 venir\",\"hide_if_no_upcoming_events\":false,\"display\":[],\"subscribe_links\":{\"gcal\":{\"label\":\"Google Agenda\",\"single_label\":\"Ajouter \\u00e0 Google Agenda\",\"visible\":true,\"block_slug\":\"hasGoogleCalendar\"},\"ical\":{\"label\":\"iCalendar\",\"single_label\":\"Ajouter \\u00e0 iCalendar\",\"visible\":true,\"block_slug\":\"hasiCal\"},\"outlook-365\":{\"label\":\"Outlook 365\",\"single_label\":\"Outlook 365\",\"visible\":true,\"block_slug\":\"hasOutlook365\"},\"outlook-live\":{\"label\":\"Outlook Live\",\"single_label\":\"Outlook Live\",\"visible\":true,\"block_slug\":\"hasOutlookLive\"},\"ics\":{\"label\":\"Exporter le fichier .ics\",\"single_label\":\"Exporter le fichier .ics\",\"visible\":true,\"block_slug\":null},\"outlook-ics\":{\"label\":\"Exporter le fichier Outlook .ics\",\"single_label\":\"Exporter le fichier Outlook .ics\",\"visible\":true,\"block_slug\":null}},\"_context\":{\"slug\":\"widget-events-list\"}}<\/script>\n\n\t\t\t\t\t\t\t<header class=\"tribe-events-widget-events-list__header\">\n\t\t\t\t\t<h2 class=\"tribe-events-widget-events-list__header-title tribe-common-h6 tribe-common-h--alt\">\n\t\t\t\t\t\t\u00c9v\u00e8nements \u00e0 venir\t\t\t\t\t<\/h2>\n\t\t\t\t<\/header>\n\t\t\t\n\t\t\t\n\t\t\t\t<div  class=\"tribe-events-header__messages tribe-events-c-messages tribe-common-b2\"  >\n\t\t\t<div class=\"tribe-events-c-messages__message tribe-events-c-messages__message--notice\" role=\"alert\">\n\t\t\t<svg  class=\"tribe-common-c-svgicon tribe-common-c-svgicon--messages-not-found tribe-events-c-messages__message-icon-svg\"  viewBox=\"0 0 21 23\" xmlns=\"http:\/\/www.w3.org\/2000\/svg\"><g fill-rule=\"evenodd\"><path d=\"M.5 2.5h20v20H.5z\"\/><path stroke-linecap=\"round\" d=\"M7.583 11.583l5.834 5.834m0-5.834l-5.834 5.834\" class=\"tribe-common-c-svgicon__svg-stroke\"\/><path stroke-linecap=\"round\" d=\"M4.5.5v4m12-4v4\"\/><path stroke-linecap=\"square\" d=\"M.5 7.5h20\"\/><\/g><\/svg>\n\t\t\t<ul class=\"tribe-events-c-messages__message-list\">\n\t\t\t\t\t\t\t\t\t<li\n\t\t\t\t\t\tclass=\"tribe-events-c-messages__message-list-item\"\n\t\t\t\t\t\t data-key=\"0\" \t\t\t\t\t>\n\t\t\t\t\tIl n\u2019y a pas d\u2019\u00e9v\u00e8nements \u00e0 venir.\t\t\t\t\t<\/li>\n\t\t\t\t\t\t\t<\/ul>\n\t\t<\/div>\n\t<\/div>\n\n\t\t\t\t\t<\/div>\n\t<\/div>\n<\/div>\n<script data-js='tribe-events-view-nonce-data' type='application\/json'>{\"_tec_view_rest_nonce_primary\":\"a2529c8393\",\"_tec_view_rest_nonce_secondary\":\"\"}<\/script>\t\t\t\t<\/div>\n\t\t\t\t<\/div>\n\t\t\t\t<\/div>\n\t\t\t\t\t<\/div>\n\t\t\t\t<\/div>\n\t\t\t\t<\/div>\n\t\t","protected":false},"excerpt":{"rendered":"<p>Programme d&rsquo;activit\u00e9s 2024<\/p>\n","protected":false},"author":2,"featured_media":0,"parent":0,"menu_order":0,"comment_status":"closed","ping_status":"closed","template":"","meta":{"_price":"","_stock":"","_tribe_ticket_header":"","_tribe_default_ticket_provider":"","_tribe_ticket_capacity":"0","_ticket_start_date":"","_ticket_end_date":"","_tribe_ticket_show_description":"","_tribe_ticket_show_not_going":false,"_tribe_ticket_use_global_stock":"","_tribe_ticket_global_stock_level":"","_global_stock_mode":"","_global_stock_cap":"","_tribe_rsvp_for_event":"","_tribe_ticket_going_count":"","_tribe_ticket_not_going_count":"","_tribe_tickets_list":"[]","_tribe_ticket_has_attendee_info_fields":false,"footnotes":""},"class_list":["post-15","page","type-page","status-publish","hentry","entry"],"yoast_head":"<!-- This site is optimized with the Yoast SEO plugin v23.5 - https:\/\/yoast.com\/wordpress\/plugins\/seo\/ -->\n<title>Programme d&#039;activit\u00e9s - Newlafistiniere<\/title>\n<meta name=\"description\" content=\"D\u00e9couvrez le programme complet des activit\u00e9s de La Fistini\u00e8re : ateliers TransmiFFion, soir\u00e9es Fist &amp; BDSM, formations et plus encore.\" \/>\n<meta name=\"robots\" content=\"noindex, follow, max-snippet:-1, max-image-preview:large, max-video-preview:-1\" \/>\n<meta property=\"og:locale\" content=\"fr_FR\" \/>\n<meta property=\"og:type\" content=\"article\" \/>\n<meta property=\"og:title\" content=\"Programme d&#039;activit\u00e9s - Newlafistiniere\" \/>\n<meta property=\"og:description\" content=\"D\u00e9couvrez le programme complet des activit\u00e9s de La Fistini\u00e8re : ateliers TransmiFFion, soir\u00e9es Fist &amp; BDSM, formations et plus encore.\" \/>\n<meta property=\"og:url\" content=\"http:\/\/lafistiniere.com\/programme-activites\" \/>\n<meta property=\"og:site_name\" content=\"Newlafistiniere\" \/>\n<meta property=\"article:modified_time\" content=\"2024-08-02T13:23:20+00:00\" \/>\n<meta property=\"og:image\" content=\"https:\/\/nouveau.lafistiniere.com\/www\/wp-content\/plugins\/elementor\/assets\/images\/placeholder.png\" \/>\n<meta name=\"twitter:card\" content=\"summary_large_image\" \/>\n<meta name=\"twitter:label1\" content=\"Dur\u00e9e de lecture estim\u00e9e\" \/>\n\t<meta name=\"twitter:data1\" content=\"1 minute\" \/>\n<script type=\"application\/ld+json\" class=\"yoast-schema-graph\">{\"@context\":\"https:\/\/schema.org\",\"@graph\":[{\"@type\":\"WebPage\",\"@id\":\"https:\/\/nouveau.lafistiniere.com\/www\/programme-activites\/\",\"url\":\"http:\/\/lafistiniere.com\/programme-activites\",\"name\":\"Programme d'activit\u00e9s - Newlafistiniere\",\"isPartOf\":{\"@id\":\"https:\/\/nouveau.lafistiniere.com\/www\/#website\"},\"primaryImageOfPage\":{\"@id\":\"http:\/\/lafistiniere.com\/programme-activites#primaryimage\"},\"image\":{\"@id\":\"http:\/\/lafistiniere.com\/programme-activites#primaryimage\"},\"thumbnailUrl\":\"https:\/\/nouveau.lafistiniere.com\/www\/wp-content\/plugins\/elementor\/assets\/images\/placeholder.png\",\"datePublished\":\"2023-10-04T15:32:13+00:00\",\"dateModified\":\"2024-08-02T13:23:20+00:00\",\"description\":\"D\u00e9couvrez le programme complet des activit\u00e9s de La Fistini\u00e8re : ateliers TransmiFFion, soir\u00e9es Fist & BDSM, formations et plus encore.\",\"breadcrumb\":{\"@id\":\"http:\/\/lafistiniere.com\/programme-activites#breadcrumb\"},\"inLanguage\":\"fr-FR\",\"potentialAction\":[{\"@type\":\"ReadAction\",\"target\":[\"http:\/\/lafistiniere.com\/programme-activites\"]}]},{\"@type\":\"ImageObject\",\"inLanguage\":\"fr-FR\",\"@id\":\"http:\/\/lafistiniere.com\/programme-activites#primaryimage\",\"url\":\"https:\/\/nouveau.lafistiniere.com\/www\/wp-content\/plugins\/elementor\/assets\/images\/placeholder.png\",\"contentUrl\":\"https:\/\/nouveau.lafistiniere.com\/www\/wp-content\/plugins\/elementor\/assets\/images\/placeholder.png\"},{\"@type\":\"BreadcrumbList\",\"@id\":\"http:\/\/lafistiniere.com\/programme-activites#breadcrumb\",\"itemListElement\":[{\"@type\":\"ListItem\",\"position\":1,\"name\":\"Accueil\",\"item\":\"https:\/\/nouveau.lafistiniere.com\/www\/\"},{\"@type\":\"ListItem\",\"position\":2,\"name\":\"Programme d'activit\u00e9s\"}]},{\"@type\":\"WebSite\",\"@id\":\"https:\/\/nouveau.lafistiniere.com\/www\/#website\",\"url\":\"https:\/\/nouveau.lafistiniere.com\/www\/\",\"name\":\"Newlafistiniere\",\"description\":\"La Fistini\u00e8re s&#039;\u00e9largit pour venir jusqu&#039;\u00e0 toi.\",\"publisher\":{\"@id\":\"https:\/\/nouveau.lafistiniere.com\/www\/#organization\"},\"potentialAction\":[{\"@type\":\"SearchAction\",\"target\":{\"@type\":\"EntryPoint\",\"urlTemplate\":\"https:\/\/nouveau.lafistiniere.com\/www\/?s={search_term_string}\"},\"query-input\":{\"@type\":\"PropertyValueSpecification\",\"valueRequired\":true,\"valueName\":\"search_term_string\"}}],\"inLanguage\":\"fr-FR\"},{\"@type\":\"Organization\",\"@id\":\"https:\/\/nouveau.lafistiniere.com\/www\/#organization\",\"name\":\"Newlafistiniere\",\"url\":\"https:\/\/nouveau.lafistiniere.com\/www\/\",\"logo\":{\"@type\":\"ImageObject\",\"inLanguage\":\"fr-FR\",\"@id\":\"https:\/\/nouveau.lafistiniere.com\/www\/#\/schema\/logo\/image\/\",\"url\":\"https:\/\/nouveau.lafistiniere.com\/www\/wp-content\/uploads\/2023\/10\/cropped-LE-LOGO-R-taille-reduite.jpg\",\"contentUrl\":\"https:\/\/nouveau.lafistiniere.com\/www\/wp-content\/uploads\/2023\/10\/cropped-LE-LOGO-R-taille-reduite.jpg\",\"width\":799,\"height\":730,\"caption\":\"Newlafistiniere\"},\"image\":{\"@id\":\"https:\/\/nouveau.lafistiniere.com\/www\/#\/schema\/logo\/image\/\"}}]}<\/script>\n<!-- \/ Yoast SEO plugin. -->","yoast_head_json":{"title":"Programme d'activit\u00e9s - Newlafistiniere","description":"D\u00e9couvrez le programme complet des activit\u00e9s de La Fistini\u00e8re : ateliers TransmiFFion, soir\u00e9es Fist & BDSM, formations et plus encore.","robots":{"index":"noindex","follow":"follow","max-snippet":"max-snippet:-1","max-image-preview":"max-image-preview:large","max-video-preview":"max-video-preview:-1"},"og_locale":"fr_FR","og_type":"article","og_title":"Programme d'activit\u00e9s - Newlafistiniere","og_description":"D\u00e9couvrez le programme complet des activit\u00e9s de La Fistini\u00e8re : ateliers TransmiFFion, soir\u00e9es Fist & BDSM, formations et plus encore.","og_url":"http:\/\/lafistiniere.com\/programme-activites","og_site_name":"Newlafistiniere","article_modified_time":"2024-08-02T13:23:20+00:00","og_image":[{"url":"https:\/\/nouveau.lafistiniere.com\/www\/wp-content\/plugins\/elementor\/assets\/images\/placeholder.png"}],"twitter_card":"summary_large_image","twitter_misc":{"Dur\u00e9e de lecture estim\u00e9e":"1 minute"},"schema":{"@context":"https:\/\/schema.org","@graph":[{"@type":"WebPage","@id":"https:\/\/nouveau.lafistiniere.com\/www\/programme-activites\/","url":"http:\/\/lafistiniere.com\/programme-activites","name":"Programme d'activit\u00e9s - Newlafistiniere","isPartOf":{"@id":"https:\/\/nouveau.lafistiniere.com\/www\/#website"},"primaryImageOfPage":{"@id":"http:\/\/lafistiniere.com\/programme-activites#primaryimage"},"image":{"@id":"http:\/\/lafistiniere.com\/programme-activites#primaryimage"},"thumbnailUrl":"https:\/\/nouveau.lafistiniere.com\/www\/wp-content\/plugins\/elementor\/assets\/images\/placeholder.png","datePublished":"2023-10-04T15:32:13+00:00","dateModified":"2024-08-02T13:23:20+00:00","description":"D\u00e9couvrez le programme complet des activit\u00e9s de La Fistini\u00e8re : ateliers TransmiFFion, soir\u00e9es Fist & BDSM, formations et plus encore.","breadcrumb":{"@id":"http:\/\/lafistiniere.com\/programme-activites#breadcrumb"},"inLanguage":"fr-FR","potentialAction":[{"@type":"ReadAction","target":["http:\/\/lafistiniere.com\/programme-activites"]}]},{"@type":"ImageObject","inLanguage":"fr-FR","@id":"http:\/\/lafistiniere.com\/programme-activites#primaryimage","url":"https:\/\/nouveau.lafistiniere.com\/www\/wp-content\/plugins\/elementor\/assets\/images\/placeholder.png","contentUrl":"https:\/\/nouveau.lafistiniere.com\/www\/wp-content\/plugins\/elementor\/assets\/images\/placeholder.png"},{"@type":"BreadcrumbList","@id":"http:\/\/lafistiniere.com\/programme-activites#breadcrumb","itemListElement":[{"@type":"ListItem","position":1,"name":"Accueil","item":"https:\/\/nouveau.lafistiniere.com\/www\/"},{"@type":"ListItem","position":2,"name":"Programme d'activit\u00e9s"}]},{"@type":"WebSite","@id":"https:\/\/nouveau.lafistiniere.com\/www\/#website","url":"https:\/\/nouveau.lafistiniere.com\/www\/","name":"Newlafistiniere","description":"La Fistini\u00e8re s&#039;\u00e9largit pour venir jusqu&#039;\u00e0 toi.","publisher":{"@id":"https:\/\/nouveau.lafistiniere.com\/www\/#organization"},"potentialAction":[{"@type":"SearchAction","target":{"@type":"EntryPoint","urlTemplate":"https:\/\/nouveau.lafistiniere.com\/www\/?s={search_term_string}"},"query-input":{"@type":"PropertyValueSpecification","valueRequired":true,"valueName":"search_term_string"}}],"inLanguage":"fr-FR"},{"@type":"Organization","@id":"https:\/\/nouveau.lafistiniere.com\/www\/#organization","name":"Newlafistiniere","url":"https:\/\/nouveau.lafistiniere.com\/www\/","logo":{"@type":"ImageObject","inLanguage":"fr-FR","@id":"https:\/\/nouveau.lafistiniere.com\/www\/#\/schema\/logo\/image\/","url":"https:\/\/nouveau.lafistiniere.com\/www\/wp-content\/uploads\/2023\/10\/cropped-LE-LOGO-R-taille-reduite.jpg","contentUrl":"https:\/\/nouveau.lafistiniere.com\/www\/wp-content\/uploads\/2023\/10\/cropped-LE-LOGO-R-taille-reduite.jpg","width":799,"height":730,"caption":"Newlafistiniere"},"image":{"@id":"https:\/\/nouveau.lafistiniere.com\/www\/#\/schema\/logo\/image\/"}}]}},"ticketed":false,"_links":{"self":[{"href":"https:\/\/nouveau.lafistiniere.com\/www\/wp-json\/wp\/v2\/pages\/15","targetHints":{"allow":["GET"]}}],"collection":[{"href":"https:\/\/nouveau.lafistiniere.com\/www\/wp-json\/wp\/v2\/pages"}],"about":[{"href":"https:\/\/nouveau.lafistiniere.com\/www\/wp-json\/wp\/v2\/types\/page"}],"author":[{"embeddable":true,"href":"https:\/\/nouveau.lafistiniere.com\/www\/wp-json\/wp\/v2\/users\/2"}],"replies":[{"embeddable":true,"href":"https:\/\/nouveau.lafistiniere.com\/www\/wp-json\/wp\/v2\/comments?post=15"}],"version-history":[{"count":11,"href":"https:\/\/nouveau.lafistiniere.com\/www\/wp-json\/wp\/v2\/pages\/15\/revisions"}],"predecessor-version":[{"id":650,"href":"https:\/\/nouveau.lafistiniere.com\/www\/wp-json\/wp\/v2\/pages\/15\/revisions\/650"}],"wp:attachment":[{"href":"https:\/\/nouveau.lafistiniere.com\/www\/wp-json\/wp\/v2\/media?parent=15"}],"curies":[{"name":"wp","href":"https:\/\/api.w.org\/{rel}","templated":true}]}}