{"id":21,"date":"2023-10-04T17:33:36","date_gmt":"2023-10-04T15:33:36","guid":{"rendered":"http:\/\/nouveau.lafistiniere.com\/www\/?page_id=21"},"modified":"2024-07-30T20:29:49","modified_gmt":"2024-07-30T18:29:49","slug":"ateliers-transmiffion-paris","status":"publish","type":"page","link":"https:\/\/nouveau.lafistiniere.com\/www\/ateliers-transmiffion-paris\/","title":{"rendered":"Les Ateliers TransmiFFion \u00e0 Paris"},"content":{"rendered":"\t\t<div data-elementor-type=\"wp-page\" data-elementor-id=\"21\" class=\"elementor elementor-21\">\n\t\t\t\t<div class=\"elementor-element elementor-element-d4e547a e-flex e-con-boxed e-con e-parent\" data-id=\"d4e547a\" data-element_type=\"container\" data-e-type=\"container\">\n\t\t\t\t\t<div class=\"e-con-inner\">\n\t\t<div class=\"elementor-element elementor-element-8cea796 e-con-full e-flex e-con e-child\" data-id=\"8cea796\" data-element_type=\"container\" data-e-type=\"container\">\n\t\t\t\t<div class=\"elementor-element elementor-element-8de10db elementor-widget elementor-widget-heading\" data-id=\"8de10db\" data-element_type=\"widget\" data-e-type=\"widget\" data-widget_type=\"heading.default\">\n\t\t\t\t<div class=\"elementor-widget-container\">\n\t\t\t\t\t<h2 class=\"elementor-heading-title elementor-size-default\">Les Ateliers TransmiFFion <\/h2>\t\t\t\t<\/div>\n\t\t\t\t<\/div>\n\t\t\t\t<div class=\"elementor-element elementor-element-2d588bc elementor-widget elementor-widget-image\" data-id=\"2d588bc\" data-element_type=\"widget\" data-e-type=\"widget\" data-widget_type=\"image.default\">\n\t\t\t\t<div class=\"elementor-widget-container\">\n\t\t\t\t\t\t\t\t\t\t\t\t\t\t\t<img decoding=\"async\" src=\"https:\/\/nouveau.lafistiniere.com\/www\/wp-content\/plugins\/elementor\/assets\/images\/placeholder.png\" title=\"\" alt=\"\" loading=\"lazy\" \/>\t\t\t\t\t\t\t\t\t\t\t\t\t\t\t<\/div>\n\t\t\t\t<\/div>\n\t\t\t\t<\/div>\n\t\t<div class=\"elementor-element elementor-element-3115e6d e-con-full e-flex e-con e-child\" data-id=\"3115e6d\" data-element_type=\"container\" data-e-type=\"container\">\n\t\t\t\t<div class=\"elementor-element elementor-element-6f7e903 elementor-widget elementor-widget-text-editor\" data-id=\"6f7e903\" data-element_type=\"widget\" data-e-type=\"widget\" data-widget_type=\"text-editor.default\">\n\t\t\t\t<div class=\"elementor-widget-container\">\n\t\t\t\t\t\t\t\t\t<p>Lorem ipsum dolor sit amet, consectetur adipiscing elit. Ut elit tellus, luctus nec ullamcorper mattis, pulvinar dapibus leo.<\/p>\t\t\t\t\t\t\t\t<\/div>\n\t\t\t\t<\/div>\n\t\t\t\t<\/div>\n\t\t\t\t\t<\/div>\n\t\t\t\t<\/div>\n\t\t\t\t<\/div>\n\t\t","protected":false},"excerpt":{"rendered":"<p>Les Ateliers TransmiFFion Lorem ipsum dolor sit amet, consectetur adipiscing elit. Ut elit tellus, luctus nec ullamcorper mattis, pulvinar dapibus leo.<\/p>\n","protected":false},"author":2,"featured_media":0,"parent":0,"menu_order":0,"comment_status":"closed","ping_status":"closed","template":"","meta":{"_price":"","_stock":"","_tribe_ticket_header":"","_tribe_default_ticket_provider":"","_tribe_ticket_capacity":"0","_ticket_start_date":"","_ticket_end_date":"","_tribe_ticket_show_description":"","_tribe_ticket_show_not_going":false,"_tribe_ticket_use_global_stock":"","_tribe_ticket_global_stock_level":"","_global_stock_mode":"","_global_stock_cap":"","_tribe_rsvp_for_event":"","_tribe_ticket_going_count":"","_tribe_ticket_not_going_count":"","_tribe_tickets_list":"[]","_tribe_ticket_has_attendee_info_fields":false,"footnotes":""},"class_list":["post-21","page","type-page","status-publish","hentry","entry"],"yoast_head":"<!-- This site is optimized with the Yoast SEO plugin v23.5 - https:\/\/yoast.com\/wordpress\/plugins\/seo\/ -->\n<title>Les Ateliers TransmiFFion \u00e0 Paris - Newlafistiniere<\/title>\n<meta name=\"description\" content=\"Les Ateliers TransmiFFion de La Fistini\u00e8re \u00e0 Paris. InitiaFFion, ProgreFFion et ConfirmaFFion pour ma\u00eetriser l&#039;art du fist-fucking\" \/>\n<meta name=\"robots\" content=\"noindex, follow, max-snippet:-1, max-image-preview:large, max-video-preview:-1\" \/>\n<meta property=\"og:locale\" content=\"fr_FR\" \/>\n<meta property=\"og:type\" content=\"article\" \/>\n<meta property=\"og:title\" content=\"Les Ateliers TransmiFFion \u00e0 Paris - Newlafistiniere\" \/>\n<meta property=\"og:description\" content=\"Les Ateliers TransmiFFion de La Fistini\u00e8re \u00e0 Paris. InitiaFFion, ProgreFFion et ConfirmaFFion pour ma\u00eetriser l&#039;art du fist-fucking\" \/>\n<meta property=\"og:url\" content=\"http:\/\/lafistiniere.com\/ateliers-transmiffion-paris\" \/>\n<meta property=\"og:site_name\" content=\"Newlafistiniere\" \/>\n<meta property=\"article:modified_time\" content=\"2024-07-30T18:29:49+00:00\" \/>\n<meta property=\"og:image\" content=\"https:\/\/nouveau.lafistiniere.com\/www\/wp-content\/plugins\/elementor\/assets\/images\/placeholder.png\" \/>\n<meta name=\"twitter:card\" content=\"summary_large_image\" \/>\n<meta name=\"twitter:label1\" content=\"Dur\u00e9e de lecture estim\u00e9e\" \/>\n\t<meta name=\"twitter:data1\" content=\"1 minute\" \/>\n<script type=\"application\/ld+json\" class=\"yoast-schema-graph\">{\"@context\":\"https:\/\/schema.org\",\"@graph\":[{\"@type\":\"WebPage\",\"@id\":\"https:\/\/nouveau.lafistiniere.com\/www\/ateliers-transmiffion-paris\/\",\"url\":\"http:\/\/lafistiniere.com\/ateliers-transmiffion-paris\",\"name\":\"Les Ateliers TransmiFFion \u00e0 Paris - Newlafistiniere\",\"isPartOf\":{\"@id\":\"https:\/\/nouveau.lafistiniere.com\/www\/#website\"},\"primaryImageOfPage\":{\"@id\":\"http:\/\/lafistiniere.com\/ateliers-transmiffion-paris#primaryimage\"},\"image\":{\"@id\":\"http:\/\/lafistiniere.com\/ateliers-transmiffion-paris#primaryimage\"},\"thumbnailUrl\":\"https:\/\/nouveau.lafistiniere.com\/www\/wp-content\/plugins\/elementor\/assets\/images\/placeholder.png\",\"datePublished\":\"2023-10-04T15:33:36+00:00\",\"dateModified\":\"2024-07-30T18:29:49+00:00\",\"description\":\"Les Ateliers TransmiFFion de La Fistini\u00e8re \u00e0 Paris. InitiaFFion, ProgreFFion et ConfirmaFFion pour ma\u00eetriser l'art du fist-fucking\",\"breadcrumb\":{\"@id\":\"http:\/\/lafistiniere.com\/ateliers-transmiffion-paris#breadcrumb\"},\"inLanguage\":\"fr-FR\",\"potentialAction\":[{\"@type\":\"ReadAction\",\"target\":[\"http:\/\/lafistiniere.com\/ateliers-transmiffion-paris\"]}]},{\"@type\":\"ImageObject\",\"inLanguage\":\"fr-FR\",\"@id\":\"http:\/\/lafistiniere.com\/ateliers-transmiffion-paris#primaryimage\",\"url\":\"https:\/\/nouveau.lafistiniere.com\/www\/wp-content\/plugins\/elementor\/assets\/images\/placeholder.png\",\"contentUrl\":\"https:\/\/nouveau.lafistiniere.com\/www\/wp-content\/plugins\/elementor\/assets\/images\/placeholder.png\"},{\"@type\":\"BreadcrumbList\",\"@id\":\"http:\/\/lafistiniere.com\/ateliers-transmiffion-paris#breadcrumb\",\"itemListElement\":[{\"@type\":\"ListItem\",\"position\":1,\"name\":\"Accueil\",\"item\":\"https:\/\/nouveau.lafistiniere.com\/www\/\"},{\"@type\":\"ListItem\",\"position\":2,\"name\":\"Ateliers TransmiFFion Paris Paris\"}]},{\"@type\":\"WebSite\",\"@id\":\"https:\/\/nouveau.lafistiniere.com\/www\/#website\",\"url\":\"https:\/\/nouveau.lafistiniere.com\/www\/\",\"name\":\"Newlafistiniere\",\"description\":\"La Fistini\u00e8re s&#039;\u00e9largit pour venir jusqu&#039;\u00e0 toi.\",\"publisher\":{\"@id\":\"https:\/\/nouveau.lafistiniere.com\/www\/#organization\"},\"potentialAction\":[{\"@type\":\"SearchAction\",\"target\":{\"@type\":\"EntryPoint\",\"urlTemplate\":\"https:\/\/nouveau.lafistiniere.com\/www\/?s={search_term_string}\"},\"query-input\":{\"@type\":\"PropertyValueSpecification\",\"valueRequired\":true,\"valueName\":\"search_term_string\"}}],\"inLanguage\":\"fr-FR\"},{\"@type\":\"Organization\",\"@id\":\"https:\/\/nouveau.lafistiniere.com\/www\/#organization\",\"name\":\"Newlafistiniere\",\"url\":\"https:\/\/nouveau.lafistiniere.com\/www\/\",\"logo\":{\"@type\":\"ImageObject\",\"inLanguage\":\"fr-FR\",\"@id\":\"https:\/\/nouveau.lafistiniere.com\/www\/#\/schema\/logo\/image\/\",\"url\":\"https:\/\/nouveau.lafistiniere.com\/www\/wp-content\/uploads\/2023\/10\/cropped-LE-LOGO-R-taille-reduite.jpg\",\"contentUrl\":\"https:\/\/nouveau.lafistiniere.com\/www\/wp-content\/uploads\/2023\/10\/cropped-LE-LOGO-R-taille-reduite.jpg\",\"width\":799,\"height\":730,\"caption\":\"Newlafistiniere\"},\"image\":{\"@id\":\"https:\/\/nouveau.lafistiniere.com\/www\/#\/schema\/logo\/image\/\"}}]}<\/script>\n<!-- \/ Yoast SEO plugin. -->","yoast_head_json":{"title":"Les Ateliers TransmiFFion \u00e0 Paris - Newlafistiniere","description":"Les Ateliers TransmiFFion de La Fistini\u00e8re \u00e0 Paris. InitiaFFion, ProgreFFion et ConfirmaFFion pour ma\u00eetriser l'art du fist-fucking","robots":{"index":"noindex","follow":"follow","max-snippet":"max-snippet:-1","max-image-preview":"max-image-preview:large","max-video-preview":"max-video-preview:-1"},"og_locale":"fr_FR","og_type":"article","og_title":"Les Ateliers TransmiFFion \u00e0 Paris - Newlafistiniere","og_description":"Les Ateliers TransmiFFion de La Fistini\u00e8re \u00e0 Paris. InitiaFFion, ProgreFFion et ConfirmaFFion pour ma\u00eetriser l'art du fist-fucking","og_url":"http:\/\/lafistiniere.com\/ateliers-transmiffion-paris","og_site_name":"Newlafistiniere","article_modified_time":"2024-07-30T18:29:49+00:00","og_image":[{"url":"https:\/\/nouveau.lafistiniere.com\/www\/wp-content\/plugins\/elementor\/assets\/images\/placeholder.png"}],"twitter_card":"summary_large_image","twitter_misc":{"Dur\u00e9e de lecture estim\u00e9e":"1 minute"},"schema":{"@context":"https:\/\/schema.org","@graph":[{"@type":"WebPage","@id":"https:\/\/nouveau.lafistiniere.com\/www\/ateliers-transmiffion-paris\/","url":"http:\/\/lafistiniere.com\/ateliers-transmiffion-paris","name":"Les Ateliers TransmiFFion \u00e0 Paris - Newlafistiniere","isPartOf":{"@id":"https:\/\/nouveau.lafistiniere.com\/www\/#website"},"primaryImageOfPage":{"@id":"http:\/\/lafistiniere.com\/ateliers-transmiffion-paris#primaryimage"},"image":{"@id":"http:\/\/lafistiniere.com\/ateliers-transmiffion-paris#primaryimage"},"thumbnailUrl":"https:\/\/nouveau.lafistiniere.com\/www\/wp-content\/plugins\/elementor\/assets\/images\/placeholder.png","datePublished":"2023-10-04T15:33:36+00:00","dateModified":"2024-07-30T18:29:49+00:00","description":"Les Ateliers TransmiFFion de La Fistini\u00e8re \u00e0 Paris. InitiaFFion, ProgreFFion et ConfirmaFFion pour ma\u00eetriser l'art du fist-fucking","breadcrumb":{"@id":"http:\/\/lafistiniere.com\/ateliers-transmiffion-paris#breadcrumb"},"inLanguage":"fr-FR","potentialAction":[{"@type":"ReadAction","target":["http:\/\/lafistiniere.com\/ateliers-transmiffion-paris"]}]},{"@type":"ImageObject","inLanguage":"fr-FR","@id":"http:\/\/lafistiniere.com\/ateliers-transmiffion-paris#primaryimage","url":"https:\/\/nouveau.lafistiniere.com\/www\/wp-content\/plugins\/elementor\/assets\/images\/placeholder.png","contentUrl":"https:\/\/nouveau.lafistiniere.com\/www\/wp-content\/plugins\/elementor\/assets\/images\/placeholder.png"},{"@type":"BreadcrumbList","@id":"http:\/\/lafistiniere.com\/ateliers-transmiffion-paris#breadcrumb","itemListElement":[{"@type":"ListItem","position":1,"name":"Accueil","item":"https:\/\/nouveau.lafistiniere.com\/www\/"},{"@type":"ListItem","position":2,"name":"Ateliers TransmiFFion Paris Paris"}]},{"@type":"WebSite","@id":"https:\/\/nouveau.lafistiniere.com\/www\/#website","url":"https:\/\/nouveau.lafistiniere.com\/www\/","name":"Newlafistiniere","description":"La Fistini\u00e8re s&#039;\u00e9largit pour venir jusqu&#039;\u00e0 toi.","publisher":{"@id":"https:\/\/nouveau.lafistiniere.com\/www\/#organization"},"potentialAction":[{"@type":"SearchAction","target":{"@type":"EntryPoint","urlTemplate":"https:\/\/nouveau.lafistiniere.com\/www\/?s={search_term_string}"},"query-input":{"@type":"PropertyValueSpecification","valueRequired":true,"valueName":"search_term_string"}}],"inLanguage":"fr-FR"},{"@type":"Organization","@id":"https:\/\/nouveau.lafistiniere.com\/www\/#organization","name":"Newlafistiniere","url":"https:\/\/nouveau.lafistiniere.com\/www\/","logo":{"@type":"ImageObject","inLanguage":"fr-FR","@id":"https:\/\/nouveau.lafistiniere.com\/www\/#\/schema\/logo\/image\/","url":"https:\/\/nouveau.lafistiniere.com\/www\/wp-content\/uploads\/2023\/10\/cropped-LE-LOGO-R-taille-reduite.jpg","contentUrl":"https:\/\/nouveau.lafistiniere.com\/www\/wp-content\/uploads\/2023\/10\/cropped-LE-LOGO-R-taille-reduite.jpg","width":799,"height":730,"caption":"Newlafistiniere"},"image":{"@id":"https:\/\/nouveau.lafistiniere.com\/www\/#\/schema\/logo\/image\/"}}]}},"ticketed":false,"_links":{"self":[{"href":"https:\/\/nouveau.lafistiniere.com\/www\/wp-json\/wp\/v2\/pages\/21","targetHints":{"allow":["GET"]}}],"collection":[{"href":"https:\/\/nouveau.lafistiniere.com\/www\/wp-json\/wp\/v2\/pages"}],"about":[{"href":"https:\/\/nouveau.lafistiniere.com\/www\/wp-json\/wp\/v2\/types\/page"}],"author":[{"embeddable":true,"href":"https:\/\/nouveau.lafistiniere.com\/www\/wp-json\/wp\/v2\/users\/2"}],"replies":[{"embeddable":true,"href":"https:\/\/nouveau.lafistiniere.com\/www\/wp-json\/wp\/v2\/comments?post=21"}],"version-history":[{"count":8,"href":"https:\/\/nouveau.lafistiniere.com\/www\/wp-json\/wp\/v2\/pages\/21\/revisions"}],"predecessor-version":[{"id":550,"href":"https:\/\/nouveau.lafistiniere.com\/www\/wp-json\/wp\/v2\/pages\/21\/revisions\/550"}],"wp:attachment":[{"href":"https:\/\/nouveau.lafistiniere.com\/www\/wp-json\/wp\/v2\/media?parent=21"}],"curies":[{"name":"wp","href":"https:\/\/api.w.org\/{rel}","templated":true}]}}