{"id":29,"date":"2023-10-04T17:36:52","date_gmt":"2023-10-04T15:36:52","guid":{"rendered":"http:\/\/nouveau.lafistiniere.com\/www\/?page_id=29"},"modified":"2024-03-13T13:59:54","modified_gmt":"2024-03-13T12:59:54","slug":"la-fistiniere-shop","status":"publish","type":"page","link":"https:\/\/nouveau.lafistiniere.com\/www\/la-fistiniere-shop\/","title":{"rendered":"Le Shop"},"content":{"rendered":"\t\t<div data-elementor-type=\"wp-page\" data-elementor-id=\"29\" class=\"elementor elementor-29\">\n\t\t\t\t<div class=\"elementor-element elementor-element-f54dfde e-flex e-con-boxed e-con e-parent\" data-id=\"f54dfde\" data-element_type=\"container\" data-e-type=\"container\">\n\t\t\t\t\t<div class=\"e-con-inner\">\n\t\t<div class=\"elementor-element elementor-element-1f9ea3b e-con-full e-flex e-con e-child\" data-id=\"1f9ea3b\" data-element_type=\"container\" data-e-type=\"container\">\n\t\t\t\t<div class=\"elementor-element elementor-element-f893057 elementor-widget elementor-widget-image\" data-id=\"f893057\" data-element_type=\"widget\" data-e-type=\"widget\" data-widget_type=\"image.default\">\n\t\t\t\t<div class=\"elementor-widget-container\">\n\t\t\t\t\t\t\t\t\t\t\t\t\t\t\t\t<a href=\"https:\/\/www.lafistiniereshop.com\/\">\n\t\t\t\t\t\t\t<img fetchpriority=\"high\" decoding=\"async\" width=\"596\" height=\"596\" src=\"https:\/\/nouveau.lafistiniere.com\/www\/wp-content\/uploads\/2023\/10\/LOGO-DANS-CARRE-NOIR.png\" class=\"attachment-large size-large wp-image-125\" alt=\"Logo de La Fistini\u00e8re Shop avec une maison stylis\u00e9e et une main en poing rouge\" srcset=\"https:\/\/nouveau.lafistiniere.com\/www\/wp-content\/uploads\/2023\/10\/LOGO-DANS-CARRE-NOIR.png 596w, https:\/\/nouveau.lafistiniere.com\/www\/wp-content\/uploads\/2023\/10\/LOGO-DANS-CARRE-NOIR-300x300.png 300w, https:\/\/nouveau.lafistiniere.com\/www\/wp-content\/uploads\/2023\/10\/LOGO-DANS-CARRE-NOIR-150x150.png 150w\" sizes=\"(max-width: 596px) 100vw, 596px\" \/>\t\t\t\t\t\t\t\t<\/a>\n\t\t\t\t\t\t\t\t\t\t\t\t\t\t\t<\/div>\n\t\t\t\t<\/div>\n\t\t\t\t<\/div>\n\t\t<div class=\"elementor-element elementor-element-4273bb5 e-con-full e-flex e-con e-child\" data-id=\"4273bb5\" data-element_type=\"container\" data-e-type=\"container\">\n\t\t\t\t<div class=\"elementor-element elementor-element-c851b97 elementor-widget elementor-widget-text-editor\" data-id=\"c851b97\" data-element_type=\"widget\" data-e-type=\"widget\" data-widget_type=\"text-editor.default\">\n\t\t\t\t<div class=\"elementor-widget-container\">\n\t\t\t\t\t\t\t\t\t<p><strong>Shopping<\/strong><\/p><p>lafistiniereshop.com t\u2019offre l\u2019une des meilleures exp\u00e9riences \u00a0d\u2019achat. Nous avons une grande vari\u00e9t\u00e9 de produits pour tous les go\u00fbts, tous les genres et tous les budgets.<\/p><p>.<\/p>\t\t\t\t\t\t\t\t<\/div>\n\t\t\t\t<\/div>\n\t\t\t\t<\/div>\n\t\t\t\t\t<\/div>\n\t\t\t\t<\/div>\n\t\t\t\t<\/div>\n\t\t","protected":false},"excerpt":{"rendered":"<p>Shopping lafistiniereshop.com t\u2019offre l\u2019une des meilleures exp\u00e9riences \u00a0d\u2019achat. Nous avons une grande vari\u00e9t\u00e9 de produits pour tous les go\u00fbts, tous les genres et tous les budgets. .<\/p>\n","protected":false},"author":2,"featured_media":0,"parent":0,"menu_order":0,"comment_status":"closed","ping_status":"closed","template":"","meta":{"_price":"","_stock":"","_tribe_ticket_header":"","_tribe_default_ticket_provider":"","_tribe_ticket_capacity":"0","_ticket_start_date":"","_ticket_end_date":"","_tribe_ticket_show_description":"","_tribe_ticket_show_not_going":false,"_tribe_ticket_use_global_stock":"","_tribe_ticket_global_stock_level":"","_global_stock_mode":"","_global_stock_cap":"","_tribe_rsvp_for_event":"","_tribe_ticket_going_count":"","_tribe_ticket_not_going_count":"","_tribe_tickets_list":"[]","_tribe_ticket_has_attendee_info_fields":false,"footnotes":""},"class_list":["post-29","page","type-page","status-publish","hentry","entry"],"yoast_head":"<!-- This site is optimized with the Yoast SEO plugin v23.5 - https:\/\/yoast.com\/wordpress\/plugins\/seo\/ -->\n<title>Le Shop - Newlafistiniere<\/title>\n<meta name=\"robots\" content=\"noindex, follow, max-snippet:-1, max-image-preview:large, max-video-preview:-1\" \/>\n<meta property=\"og:locale\" content=\"fr_FR\" \/>\n<meta property=\"og:type\" content=\"article\" \/>\n<meta property=\"og:title\" content=\"Le Shop - Newlafistiniere\" \/>\n<meta property=\"og:description\" content=\"Shopping lafistiniereshop.com t\u2019offre l\u2019une des meilleures exp\u00e9riences \u00a0d\u2019achat. Nous avons une grande vari\u00e9t\u00e9 de produits pour tous les go\u00fbts, tous les genres et tous les budgets. .\" \/>\n<meta property=\"og:url\" content=\"https:\/\/nouveau.lafistiniere.com\/www\/la-fistiniere-shop\/\" \/>\n<meta property=\"og:site_name\" content=\"Newlafistiniere\" \/>\n<meta property=\"article:modified_time\" content=\"2024-03-13T12:59:54+00:00\" \/>\n<meta property=\"og:image\" content=\"https:\/\/nouveau.lafistiniere.com\/www\/wp-content\/uploads\/2023\/10\/LOGO-DANS-CARRE-NOIR.png\" \/>\n<meta name=\"twitter:card\" content=\"summary_large_image\" \/>\n<meta name=\"twitter:label1\" content=\"Dur\u00e9e de lecture estim\u00e9e\" \/>\n\t<meta name=\"twitter:data1\" content=\"1 minute\" \/>\n<script type=\"application\/ld+json\" class=\"yoast-schema-graph\">{\"@context\":\"https:\/\/schema.org\",\"@graph\":[{\"@type\":\"WebPage\",\"@id\":\"https:\/\/nouveau.lafistiniere.com\/www\/la-fistiniere-shop\/\",\"url\":\"https:\/\/nouveau.lafistiniere.com\/www\/la-fistiniere-shop\/\",\"name\":\"Le Shop - Newlafistiniere\",\"isPartOf\":{\"@id\":\"https:\/\/nouveau.lafistiniere.com\/www\/#website\"},\"primaryImageOfPage\":{\"@id\":\"https:\/\/nouveau.lafistiniere.com\/www\/la-fistiniere-shop\/#primaryimage\"},\"image\":{\"@id\":\"https:\/\/nouveau.lafistiniere.com\/www\/la-fistiniere-shop\/#primaryimage\"},\"thumbnailUrl\":\"https:\/\/nouveau.lafistiniere.com\/www\/wp-content\/uploads\/2023\/10\/LOGO-DANS-CARRE-NOIR.png\",\"datePublished\":\"2023-10-04T15:36:52+00:00\",\"dateModified\":\"2024-03-13T12:59:54+00:00\",\"breadcrumb\":{\"@id\":\"https:\/\/nouveau.lafistiniere.com\/www\/la-fistiniere-shop\/#breadcrumb\"},\"inLanguage\":\"fr-FR\",\"potentialAction\":[{\"@type\":\"ReadAction\",\"target\":[\"https:\/\/nouveau.lafistiniere.com\/www\/la-fistiniere-shop\/\"]}]},{\"@type\":\"ImageObject\",\"inLanguage\":\"fr-FR\",\"@id\":\"https:\/\/nouveau.lafistiniere.com\/www\/la-fistiniere-shop\/#primaryimage\",\"url\":\"https:\/\/nouveau.lafistiniere.com\/www\/wp-content\/uploads\/2023\/10\/LOGO-DANS-CARRE-NOIR.png\",\"contentUrl\":\"https:\/\/nouveau.lafistiniere.com\/www\/wp-content\/uploads\/2023\/10\/LOGO-DANS-CARRE-NOIR.png\",\"width\":596,\"height\":596,\"caption\":\"Le logo de La Fistini\u00e8re Shop, le sexshop en ligne, repr\u00e9sentant une maison stylis\u00e9e avec une main en poing rouge et le texte \\\"La Fistini\u00e8re Shop\\\".\"},{\"@type\":\"BreadcrumbList\",\"@id\":\"https:\/\/nouveau.lafistiniere.com\/www\/la-fistiniere-shop\/#breadcrumb\",\"itemListElement\":[{\"@type\":\"ListItem\",\"position\":1,\"name\":\"Accueil\",\"item\":\"https:\/\/nouveau.lafistiniere.com\/www\/\"},{\"@type\":\"ListItem\",\"position\":2,\"name\":\"Le Shop\"}]},{\"@type\":\"WebSite\",\"@id\":\"https:\/\/nouveau.lafistiniere.com\/www\/#website\",\"url\":\"https:\/\/nouveau.lafistiniere.com\/www\/\",\"name\":\"Newlafistiniere\",\"description\":\"La Fistini\u00e8re s&#039;\u00e9largit pour venir jusqu&#039;\u00e0 toi.\",\"publisher\":{\"@id\":\"https:\/\/nouveau.lafistiniere.com\/www\/#organization\"},\"potentialAction\":[{\"@type\":\"SearchAction\",\"target\":{\"@type\":\"EntryPoint\",\"urlTemplate\":\"https:\/\/nouveau.lafistiniere.com\/www\/?s={search_term_string}\"},\"query-input\":{\"@type\":\"PropertyValueSpecification\",\"valueRequired\":true,\"valueName\":\"search_term_string\"}}],\"inLanguage\":\"fr-FR\"},{\"@type\":\"Organization\",\"@id\":\"https:\/\/nouveau.lafistiniere.com\/www\/#organization\",\"name\":\"Newlafistiniere\",\"url\":\"https:\/\/nouveau.lafistiniere.com\/www\/\",\"logo\":{\"@type\":\"ImageObject\",\"inLanguage\":\"fr-FR\",\"@id\":\"https:\/\/nouveau.lafistiniere.com\/www\/#\/schema\/logo\/image\/\",\"url\":\"https:\/\/nouveau.lafistiniere.com\/www\/wp-content\/uploads\/2023\/10\/cropped-LE-LOGO-R-taille-reduite.jpg\",\"contentUrl\":\"https:\/\/nouveau.lafistiniere.com\/www\/wp-content\/uploads\/2023\/10\/cropped-LE-LOGO-R-taille-reduite.jpg\",\"width\":799,\"height\":730,\"caption\":\"Newlafistiniere\"},\"image\":{\"@id\":\"https:\/\/nouveau.lafistiniere.com\/www\/#\/schema\/logo\/image\/\"}}]}<\/script>\n<!-- \/ Yoast SEO plugin. -->","yoast_head_json":{"title":"Le Shop - Newlafistiniere","robots":{"index":"noindex","follow":"follow","max-snippet":"max-snippet:-1","max-image-preview":"max-image-preview:large","max-video-preview":"max-video-preview:-1"},"og_locale":"fr_FR","og_type":"article","og_title":"Le Shop - Newlafistiniere","og_description":"Shopping lafistiniereshop.com t\u2019offre l\u2019une des meilleures exp\u00e9riences \u00a0d\u2019achat. Nous avons une grande vari\u00e9t\u00e9 de produits pour tous les go\u00fbts, tous les genres et tous les budgets. .","og_url":"https:\/\/nouveau.lafistiniere.com\/www\/la-fistiniere-shop\/","og_site_name":"Newlafistiniere","article_modified_time":"2024-03-13T12:59:54+00:00","og_image":[{"url":"https:\/\/nouveau.lafistiniere.com\/www\/wp-content\/uploads\/2023\/10\/LOGO-DANS-CARRE-NOIR.png"}],"twitter_card":"summary_large_image","twitter_misc":{"Dur\u00e9e de lecture estim\u00e9e":"1 minute"},"schema":{"@context":"https:\/\/schema.org","@graph":[{"@type":"WebPage","@id":"https:\/\/nouveau.lafistiniere.com\/www\/la-fistiniere-shop\/","url":"https:\/\/nouveau.lafistiniere.com\/www\/la-fistiniere-shop\/","name":"Le Shop - Newlafistiniere","isPartOf":{"@id":"https:\/\/nouveau.lafistiniere.com\/www\/#website"},"primaryImageOfPage":{"@id":"https:\/\/nouveau.lafistiniere.com\/www\/la-fistiniere-shop\/#primaryimage"},"image":{"@id":"https:\/\/nouveau.lafistiniere.com\/www\/la-fistiniere-shop\/#primaryimage"},"thumbnailUrl":"https:\/\/nouveau.lafistiniere.com\/www\/wp-content\/uploads\/2023\/10\/LOGO-DANS-CARRE-NOIR.png","datePublished":"2023-10-04T15:36:52+00:00","dateModified":"2024-03-13T12:59:54+00:00","breadcrumb":{"@id":"https:\/\/nouveau.lafistiniere.com\/www\/la-fistiniere-shop\/#breadcrumb"},"inLanguage":"fr-FR","potentialAction":[{"@type":"ReadAction","target":["https:\/\/nouveau.lafistiniere.com\/www\/la-fistiniere-shop\/"]}]},{"@type":"ImageObject","inLanguage":"fr-FR","@id":"https:\/\/nouveau.lafistiniere.com\/www\/la-fistiniere-shop\/#primaryimage","url":"https:\/\/nouveau.lafistiniere.com\/www\/wp-content\/uploads\/2023\/10\/LOGO-DANS-CARRE-NOIR.png","contentUrl":"https:\/\/nouveau.lafistiniere.com\/www\/wp-content\/uploads\/2023\/10\/LOGO-DANS-CARRE-NOIR.png","width":596,"height":596,"caption":"Le logo de La Fistini\u00e8re Shop, le sexshop en ligne, repr\u00e9sentant une maison stylis\u00e9e avec une main en poing rouge et le texte \"La Fistini\u00e8re Shop\"."},{"@type":"BreadcrumbList","@id":"https:\/\/nouveau.lafistiniere.com\/www\/la-fistiniere-shop\/#breadcrumb","itemListElement":[{"@type":"ListItem","position":1,"name":"Accueil","item":"https:\/\/nouveau.lafistiniere.com\/www\/"},{"@type":"ListItem","position":2,"name":"Le Shop"}]},{"@type":"WebSite","@id":"https:\/\/nouveau.lafistiniere.com\/www\/#website","url":"https:\/\/nouveau.lafistiniere.com\/www\/","name":"Newlafistiniere","description":"La Fistini\u00e8re s&#039;\u00e9largit pour venir jusqu&#039;\u00e0 toi.","publisher":{"@id":"https:\/\/nouveau.lafistiniere.com\/www\/#organization"},"potentialAction":[{"@type":"SearchAction","target":{"@type":"EntryPoint","urlTemplate":"https:\/\/nouveau.lafistiniere.com\/www\/?s={search_term_string}"},"query-input":{"@type":"PropertyValueSpecification","valueRequired":true,"valueName":"search_term_string"}}],"inLanguage":"fr-FR"},{"@type":"Organization","@id":"https:\/\/nouveau.lafistiniere.com\/www\/#organization","name":"Newlafistiniere","url":"https:\/\/nouveau.lafistiniere.com\/www\/","logo":{"@type":"ImageObject","inLanguage":"fr-FR","@id":"https:\/\/nouveau.lafistiniere.com\/www\/#\/schema\/logo\/image\/","url":"https:\/\/nouveau.lafistiniere.com\/www\/wp-content\/uploads\/2023\/10\/cropped-LE-LOGO-R-taille-reduite.jpg","contentUrl":"https:\/\/nouveau.lafistiniere.com\/www\/wp-content\/uploads\/2023\/10\/cropped-LE-LOGO-R-taille-reduite.jpg","width":799,"height":730,"caption":"Newlafistiniere"},"image":{"@id":"https:\/\/nouveau.lafistiniere.com\/www\/#\/schema\/logo\/image\/"}}]}},"ticketed":false,"_links":{"self":[{"href":"https:\/\/nouveau.lafistiniere.com\/www\/wp-json\/wp\/v2\/pages\/29","targetHints":{"allow":["GET"]}}],"collection":[{"href":"https:\/\/nouveau.lafistiniere.com\/www\/wp-json\/wp\/v2\/pages"}],"about":[{"href":"https:\/\/nouveau.lafistiniere.com\/www\/wp-json\/wp\/v2\/types\/page"}],"author":[{"embeddable":true,"href":"https:\/\/nouveau.lafistiniere.com\/www\/wp-json\/wp\/v2\/users\/2"}],"replies":[{"embeddable":true,"href":"https:\/\/nouveau.lafistiniere.com\/www\/wp-json\/wp\/v2\/comments?post=29"}],"version-history":[{"count":6,"href":"https:\/\/nouveau.lafistiniere.com\/www\/wp-json\/wp\/v2\/pages\/29\/revisions"}],"predecessor-version":[{"id":299,"href":"https:\/\/nouveau.lafistiniere.com\/www\/wp-json\/wp\/v2\/pages\/29\/revisions\/299"}],"wp:attachment":[{"href":"https:\/\/nouveau.lafistiniere.com\/www\/wp-json\/wp\/v2\/media?parent=29"}],"curies":[{"name":"wp","href":"https:\/\/api.w.org\/{rel}","templated":true}]}}