{"id":51,"date":"2023-10-04T17:50:10","date_gmt":"2023-10-04T15:50:10","guid":{"rendered":"http:\/\/nouveau.lafistiniere.com\/www\/?page_id=51"},"modified":"2024-07-30T15:46:54","modified_gmt":"2024-07-30T13:46:54","slug":"a-cosne-sur-loire","status":"publish","type":"page","link":"https:\/\/nouveau.lafistiniere.com\/www\/a-cosne-sur-loire\/","title":{"rendered":"Les Ateliers Fistanciels"},"content":{"rendered":"\t\t<div data-elementor-type=\"wp-page\" data-elementor-id=\"51\" class=\"elementor elementor-51\">\n\t\t\t\t<div class=\"elementor-element elementor-element-4ec284c e-flex e-con-boxed e-con e-parent\" data-id=\"4ec284c\" data-element_type=\"container\" data-e-type=\"container\">\n\t\t\t\t\t<div class=\"e-con-inner\">\n\t\t\t\t<div class=\"elementor-element elementor-element-c5068cb elementor-widget elementor-widget-heading\" data-id=\"c5068cb\" data-element_type=\"widget\" data-e-type=\"widget\" data-widget_type=\"heading.default\">\n\t\t\t\t<div class=\"elementor-widget-container\">\n\t\t\t\t\t<h2 class=\"elementor-heading-title elementor-size-default\">Les Ateliers Fistanciels <\/h2>\t\t\t\t<\/div>\n\t\t\t\t<\/div>\n\t\t\t\t\t<\/div>\n\t\t\t\t<\/div>\n\t\t<div class=\"elementor-element elementor-element-9149dbb e-flex e-con-boxed e-con e-parent\" data-id=\"9149dbb\" data-element_type=\"container\" data-e-type=\"container\">\n\t\t\t\t\t<div class=\"e-con-inner\">\n\t\t<div class=\"elementor-element elementor-element-c3cfb66 e-con-full e-flex e-con e-child\" data-id=\"c3cfb66\" data-element_type=\"container\" data-e-type=\"container\">\n\t\t\t\t<div class=\"elementor-element elementor-element-e5a1bb7 elementor-widget elementor-widget-heading\" data-id=\"e5a1bb7\" data-element_type=\"widget\" data-e-type=\"widget\" data-widget_type=\"heading.default\">\n\t\t\t\t<div class=\"elementor-widget-container\">\n\t\t\t\t\t<h2 class=\"elementor-heading-title elementor-size-default\">C'est quoi les Ateliers FISTANCIELS ?<\/h2>\t\t\t\t<\/div>\n\t\t\t\t<\/div>\n\t\t\t\t<div class=\"elementor-element elementor-element-4e59665 elementor-widget elementor-widget-text-editor\" data-id=\"4e59665\" data-element_type=\"widget\" data-e-type=\"widget\" data-widget_type=\"text-editor.default\">\n\t\t\t\t<div class=\"elementor-widget-container\">\n\t\t\t\t\t\t\t\t\t<p>Les Ateliers Fistanciels sont des ATELIERS TRANSMIFFION, et des FISTIN&rsquo;CLASSES qui se font en visioconf\u00e9rence. Ces ateliers permettent aux personnes qui ne peuvent pas assister en pr\u00e9sentiel d\u2019avoir acc\u00e8s aux contenus qui participent \u00e0 l\u2019\u00e9volution de leur sexualit\u00e9.<\/p><p>Ces rencontres virtuelles se font via une plateforme de visioconf\u00e9rence.\u00a0<\/p><p>Nous y verrons la th\u00e9orie afin que la compr\u00e9hension de ces sexualit\u00e9s soit compl\u00e8te. A cette fin, un questionnaire est rempli en amont afin de traiter les sujets qui int\u00e9ressent le plus. La dur\u00e9e est de 1h.<\/p><p>Il est possible de faire aussi une pratique guid\u00e9e \u00e0 distance. Les consignes seront donn\u00e9es lors de l\u2019inscription. Dur\u00e9e de la pratique 1h.<\/p><p>Les ateliers Fistanciels sont destin\u00e9s \u00e0 TOUS LES GENRES.<\/p><p>Ces ateliers sont payants et le lien de connexion est communiqu\u00e9 apr\u00e8s confirmation de la participation.<\/p><p><strong>InitiaFFion<\/strong><\/p><p>Pour les personnes qui veulent avoir une approche de cette sexualit\u00e9. On apprend les bases.<\/p><p><strong>ProgreFFion<\/strong><\/p><p>Pour les personnes qui ont d\u00e9j\u00e0 une petite exp\u00e9rience et qui souhaitent am\u00e9liorer leur pratique.<\/p>\t\t\t\t\t\t\t\t<\/div>\n\t\t\t\t<\/div>\n\t\t\t\t<\/div>\n\t\t<div class=\"elementor-element elementor-element-093baeb e-con-full e-flex e-con e-child\" data-id=\"093baeb\" data-element_type=\"container\" data-e-type=\"container\">\n\t\t\t\t<div class=\"elementor-element elementor-element-a8f5f6d elementor-widget elementor-widget-image\" data-id=\"a8f5f6d\" data-element_type=\"widget\" data-e-type=\"widget\" data-widget_type=\"image.default\">\n\t\t\t\t<div class=\"elementor-widget-container\">\n\t\t\t\t\t\t\t\t\t\t\t\t\t\t\t<img fetchpriority=\"high\" decoding=\"async\" width=\"700\" height=\"467\" src=\"https:\/\/nouveau.lafistiniere.com\/www\/wp-content\/uploads\/2024\/07\/Homme-en-visio-conference.-700-pix.jpg\" class=\"attachment-large size-large wp-image-527\" alt=\"Homme en chemise bleue et cale\u00e7on rose participant \u00e0 une visioconf\u00e9rence\" srcset=\"https:\/\/nouveau.lafistiniere.com\/www\/wp-content\/uploads\/2024\/07\/Homme-en-visio-conference.-700-pix.jpg 700w, https:\/\/nouveau.lafistiniere.com\/www\/wp-content\/uploads\/2024\/07\/Homme-en-visio-conference.-700-pix-300x200.jpg 300w\" sizes=\"(max-width: 700px) 100vw, 700px\" \/>\t\t\t\t\t\t\t\t\t\t\t\t\t\t\t<\/div>\n\t\t\t\t<\/div>\n\t\t\t\t<\/div>\n\t\t\t\t\t<\/div>\n\t\t\t\t<\/div>\n\t\t<div class=\"elementor-element elementor-element-845ea3d e-flex e-con-boxed e-con e-parent\" data-id=\"845ea3d\" data-element_type=\"container\" data-e-type=\"container\">\n\t\t\t\t\t<div class=\"e-con-inner\">\n\t\t\t\t<div class=\"elementor-element elementor-element-2051850 elementor-widget elementor-widget-heading\" data-id=\"2051850\" data-element_type=\"widget\" data-e-type=\"widget\" data-widget_type=\"heading.default\">\n\t\t\t\t<div class=\"elementor-widget-container\">\n\t\t\t\t\t<h2 class=\"elementor-heading-title elementor-size-default\">Inscription Ateliers Fistanciels <\/h2>\t\t\t\t<\/div>\n\t\t\t\t<\/div>\n\t\t\t\t<div class=\"elementor-element elementor-element-ce21396 elementor-widget elementor-widget-formidable\" data-id=\"ce21396\" data-element_type=\"widget\" data-e-type=\"widget\" data-widget_type=\"formidable.default\">\n\t\t\t\t<div class=\"elementor-widget-container\">\n\t\t\t\t\t<div class=\"frm_forms  with_frm_style frm_style_la-fistiniere\" id=\"frm_form_3_container\" data-token=\"084f97f13fd2e6d19e33f8cbe5d0cfbf\">\n<form enctype=\"multipart\/form-data\" method=\"post\" class=\"frm-show-form  frm_pro_form \" id=\"form_inscription-ateliers-transmiffion\" data-token=\"084f97f13fd2e6d19e33f8cbe5d0cfbf\">\n<div class=\"frm_form_fields \">\n<fieldset>\n<legend class=\"frm_screen_reader\">Inscription Ateliers TransmiFFion<\/legend>\r\n\r\n<div class=\"frm_fields_container\">\n<input type=\"hidden\" name=\"frm_action\" value=\"create\" \/>\n<input type=\"hidden\" name=\"form_id\" value=\"3\" \/>\n<input type=\"hidden\" name=\"frm_hide_fields_3\" id=\"frm_hide_fields_3\" value=\"\" \/>\n<input type=\"hidden\" name=\"form_key\" value=\"inscription-ateliers-transmiffion\" \/>\n<input type=\"hidden\" name=\"item_meta[0]\" value=\"\" \/>\n<input type=\"hidden\" id=\"frm_submit_entry_3\" name=\"frm_submit_entry_3\" value=\"d5d52fcafe\" \/><input type=\"hidden\" name=\"_wp_http_referer\" value=\"\/www\/wp-json\/wp\/v2\/pages\/51\" \/><div id=\"frm_field_24_container\" class=\"frm_form_field form-field  frm_required_field frm_none_container frm6 frm_first\">\r\n\t<label for=\"field_4jwyk\" id=\"field_4jwyk_label\" class=\"frm_primary_label\">Nom \r\n\t\t<span class=\"frm_required\" aria-hidden=\"true\">*<\/span>\r\n\t<\/label>\r\n\t<input type=\"text\" id=\"field_4jwyk\" name=\"item_meta[24]\" value=\"Nom\"  data-frmval=\"Nom\" data-reqmsg=\"Nom  ne peut pas \u00eatre vide.\" aria-required=\"true\" data-invmsg=\"Nom  est non valide\" aria-invalid=\"false\"  \/>\r\n\t\r\n\t\r\n<\/div>\n<div id=\"frm_field_25_container\" class=\"frm_form_field form-field  frm_required_field frm_none_container frm6\">\r\n\t<label for=\"field_4fqs7\" id=\"field_4fqs7_label\" class=\"frm_primary_label\">Pr\u00e9nom\r\n\t\t<span class=\"frm_required\" aria-hidden=\"true\">*<\/span>\r\n\t<\/label>\r\n\t<input type=\"text\" id=\"field_4fqs7\" name=\"item_meta[25]\" value=\"Pr\u00e9nom\"  data-frmval=\"Pr\u00e9nom\" data-reqmsg=\"Pr\u00e9nom ne peut pas \u00eatre vide.\" aria-required=\"true\" data-invmsg=\"Pr\u00e9nom est non valide\" aria-invalid=\"false\"  \/>\r\n\t\r\n\t\r\n<\/div>\n<div id=\"frm_field_26_container\" class=\"frm_form_field form-field  frm_required_field frm_none_container frm6 frm_first\">\r\n\t<label for=\"field_2cbns\" id=\"field_2cbns_label\" class=\"frm_primary_label\">Email\r\n\t\t<span class=\"frm_required\" aria-hidden=\"true\">*<\/span>\r\n\t<\/label>\r\n\t<input type=\"email\" id=\"field_2cbns\" name=\"item_meta[26]\" value=\"\" autocomplete=\"email\" placeholder=\"E-mail\" data-reqmsg=\"Email ne peut pas \u00eatre vide.\" aria-required=\"true\" data-invmsg=\"Email est non valide\" aria-invalid=\"false\"   aria-describedby=\"frm_desc_field_2cbns\"\/>\r\n\t<div class=\"frm_description\" id=\"frm_desc_field_2cbns\">Ton adresse mail <\/div>\r\n\t\r\n<\/div>\n<div id=\"frm_field_27_container\" class=\"frm_form_field form-field  frm_required_field frm_none_container frm6\">\r\n\t<label for=\"field_7f5jg\" id=\"field_7f5jg_label\" class=\"frm_primary_label\">T\u00e9l\u00e9phone\r\n\t\t<span class=\"frm_required\" aria-hidden=\"true\">*<\/span>\r\n\t<\/label>\r\n\t<input type=\"tel\" id=\"field_7f5jg\" name=\"item_meta[27]\" value=\"\"  placeholder=\"T\u00e9l\u00e9phone\" data-reqmsg=\"T\u00e9l\u00e9phone ne peut pas \u00eatre vide.\" aria-required=\"true\" data-invmsg=\"T\u00e9l\u00e9phone est non valide\" aria-invalid=\"false\" pattern=\"((\\+\\d{1,3}(-|.| )?\\(?\\d\\)?(-| |.)?\\d{1,5})|(\\(?\\d{2,6}\\)?))(-|.| )?(\\d{3,4})(-|.| )?(\\d{4})(( x| ext)\\d{1,5}){0,1}$\"   aria-describedby=\"frm_desc_field_7f5jg\"\/>\r\n\t<div class=\"frm_description\" id=\"frm_desc_field_7f5jg\">Ton num\u00e9ro de t\u00e9l\u00e9phone <\/div>\r\n\t\r\n<\/div>\n<div id=\"frm_field_28_container\" class=\"frm_form_field form-field  frm_top_container frm6 frm_first vertical_radio\">\r\n\t<div  id=\"field_u1nsd_label\" class=\"frm_primary_label\">Mon genre\r\n\t\t<span class=\"frm_required\" aria-hidden=\"true\"><\/span>\r\n\t<\/div>\r\n\t<div class=\"frm_opt_container\" aria-labelledby=\"field_u1nsd_label\" role=\"group\">\t\t<div class=\"frm_checkbox\" id=\"frm_checkbox_28-0\">\t\t\t<label  for=\"field_u1nsd-0\">\n\t\t\t<input type=\"checkbox\" name=\"item_meta[28][]\" id=\"field_u1nsd-0\" value=\"Masculin\"  data-invmsg=\"Mon genre est non valide\"   \/> Masculin<\/label><\/div>\n\t\t<div class=\"frm_checkbox\" id=\"frm_checkbox_28-1\">\t\t\t<label  for=\"field_u1nsd-1\">\n\t\t\t<input type=\"checkbox\" name=\"item_meta[28][]\" id=\"field_u1nsd-1\" value=\"F\u00e9minin\"  data-invmsg=\"Mon genre est non valide\"   \/> F\u00e9minin<\/label><\/div>\n\t\t<div class=\"frm_checkbox\" id=\"frm_checkbox_28-2\">\t\t\t<label  for=\"field_u1nsd-2\">\n\t\t\t<input type=\"checkbox\" name=\"item_meta[28][]\" id=\"field_u1nsd-2\" value=\"Non Binaire\"  data-invmsg=\"Mon genre est non valide\"   \/> Non Binaire<\/label><\/div>\n\t\t<div class=\"frm_checkbox\" id=\"frm_checkbox_28-3\">\t\t\t<label  for=\"field_u1nsd-3\">\n\t\t\t<input type=\"checkbox\" name=\"item_meta[28][]\" id=\"field_u1nsd-3\" value=\"Autre\"  data-invmsg=\"Mon genre est non valide\"   \/> Autre<\/label><\/div>\n<\/div>\r\n\t\r\n\t\r\n<\/div>\n<div id=\"frm_field_29_container\" class=\"frm_form_field form-field  frm_required_field frm_top_container frm6 vertical_radio\">\r\n\t<div  id=\"field_uknql_label\" class=\"frm_primary_label\">Mon niveau de pratique\r\n\t\t<span class=\"frm_required\" aria-hidden=\"true\">*<\/span>\r\n\t<\/div>\r\n\t<div class=\"frm_opt_container\" aria-labelledby=\"field_uknql_label\" role=\"group\">\t\t<div class=\"frm_checkbox\" id=\"frm_checkbox_29-0\">\t\t\t<label  for=\"field_uknql-0\">\n\t\t\t<input type=\"checkbox\" name=\"item_meta[29][]\" id=\"field_uknql-0\" value=\"D\u00e9couverte\"  data-reqmsg=\"Mon niveau de pratique ne peut pas \u00eatre vide.\" data-invmsg=\"Mon niveau de pratique est non valide\"   aria-required=\"true\"  \/> D\u00e9couverte<\/label><\/div>\n\t\t<div class=\"frm_checkbox\" id=\"frm_checkbox_29-1\">\t\t\t<label  for=\"field_uknql-1\">\n\t\t\t<input type=\"checkbox\" name=\"item_meta[29][]\" id=\"field_uknql-1\" value=\"Initi\u00e9\"  data-reqmsg=\"Mon niveau de pratique ne peut pas \u00eatre vide.\" data-invmsg=\"Mon niveau de pratique est non valide\"   \/> Initi\u00e9<\/label><\/div>\n\t\t<div class=\"frm_checkbox\" id=\"frm_checkbox_29-2\">\t\t\t<label  for=\"field_uknql-2\">\n\t\t\t<input type=\"checkbox\" name=\"item_meta[29][]\" id=\"field_uknql-2\" value=\"Exp\u00e9riment\u00e9\"  data-reqmsg=\"Mon niveau de pratique ne peut pas \u00eatre vide.\" data-invmsg=\"Mon niveau de pratique est non valide\"   \/> Exp\u00e9riment\u00e9<\/label><\/div>\n<\/div>\r\n\t\r\n\t\r\n<\/div>\n<div id=\"frm_field_92_container\" class=\"frm_form_field form-field  frm_required_field frm_top_container frm6 frm_first vertical_radio\">\r\n\t<div  id=\"field_pkovg_label\" class=\"frm_primary_label\">Choisi ton atelier\r\n\t\t<span class=\"frm_required\" aria-hidden=\"true\">*<\/span>\r\n\t<\/div>\r\n\t<div class=\"frm_opt_container\" aria-labelledby=\"field_pkovg_label\" role=\"group\">\t\t<div class=\"frm_checkbox\" id=\"frm_checkbox_92-0\">\t\t\t<label  for=\"field_pkovg-0\">\n\t\t\t<input type=\"checkbox\" name=\"item_meta[92][]\" id=\"field_pkovg-0\" value=\"InitiaFFion\"  data-reqmsg=\"Choisi ton atelier ne peut pas \u00eatre vide.\" data-invmsg=\"Choisi ton atelier est non valide\"   aria-required=\"true\"  \/> InitiaFFion<\/label><\/div>\n\t\t<div class=\"frm_checkbox\" id=\"frm_checkbox_92-1\">\t\t\t<label  for=\"field_pkovg-1\">\n\t\t\t<input type=\"checkbox\" name=\"item_meta[92][]\" id=\"field_pkovg-1\" value=\"ProgreFFion\"  data-reqmsg=\"Choisi ton atelier ne peut pas \u00eatre vide.\" data-invmsg=\"Choisi ton atelier est non valide\"   \/> ProgreFFion<\/label><\/div>\n\t\t<div class=\"frm_checkbox\" id=\"frm_checkbox_92-2\">\t\t\t<label  for=\"field_pkovg-2\">\n\t\t\t<input type=\"checkbox\" name=\"item_meta[92][]\" id=\"field_pkovg-2\" value=\"ConfirmaFFion\"  data-reqmsg=\"Choisi ton atelier ne peut pas \u00eatre vide.\" data-invmsg=\"Choisi ton atelier est non valide\"   \/> ConfirmaFFion<\/label><\/div>\n<\/div>\r\n\t\r\n\t\r\n<\/div>\n<div id=\"frm_field_31_container\" class=\"frm_form_field form-field  frm_required_field frm_top_container frm6\">\r\n\t<label for=\"field_f3hir\" id=\"field_f3hir_label\" class=\"frm_primary_label\">Message\r\n\t\t<span class=\"frm_required\" aria-hidden=\"true\">*<\/span>\r\n\t<\/label>\r\n\t<textarea name=\"item_meta[31]\" id=\"field_f3hir\" rows=\"5\"  data-frmval=\"Ecris ton message\" placeholder=\"Ecris ton message\" data-reqmsg=\"Message ne peut pas \u00eatre vide.\" aria-required=\"true\" data-invmsg=\"Message est non valide\" aria-invalid=\"false\"   aria-describedby=\"frm_desc_field_f3hir\">Ecris ton message<\/textarea>\r\n\t<div class=\"frm_description\" id=\"frm_desc_field_f3hir\">Utilise cet espace pour envoyer un message \u00e0 Juan Carlos <\/div>\r\n\t\r\n<\/div>\n<div id=\"frm_field_34_container\" class=\"frm_form_field form-field  frm_top_container\">\r\n\t<label for=\"field_jev3r\" id=\"field_jev3r_label\" class=\"frm_primary_label\">CGU\/CGV\r\n\t\t<span class=\"frm_required\" aria-hidden=\"true\"><\/span>\r\n\t<\/label>\r\n\t<input type=\"text\" id=\"field_jev3r\" name=\"item_meta[34]\" value=\"\"  readonly=\"readonly\"  placeholder=\"En envoyant cette demande d&#039;insciption j&#039;accepte les Conditions G\u00e9n\u00e9rales d&#039;Utilisation CGU\/CGV\" data-invmsg=\"CGU\/CGV est non valide\" aria-invalid=\"false\"  \/>\r\n\t\r\n\t\r\n<\/div>\n<div id=\"frm_field_23_container\" class=\"frm_form_field form-field \">\r\n\t<div class=\"frm_submit frm_flex\">\r\n<button class=\"frm_button_submit frm_final_submit\" type=\"submit\"   formnovalidate=\"formnovalidate\">Envoyer<\/button>\r\n\r\n\r\n\r\n<\/div>\r\n<\/div>\n\t<input type=\"hidden\" name=\"item_key\" value=\"\" \/>\n\t\t\t<div id=\"frm_field_105_container\">\n\t\t\t<label for=\"field_76y5h\" >\n\t\t\t\tSi vous \u00eates un humain, ne remplissez pas ce champ.\t\t\t<\/label>\n\t\t\t<input  id=\"field_76y5h\" type=\"text\" class=\"frm_form_field form-field frm_verify\" name=\"item_meta[105]\" value=\"\"  \/>\n\t\t<\/div>\n\t\t<input name=\"frm_state\" type=\"hidden\" value=\"xkn+y3OsZIbnLrSG6hfxQjgK0vjn\/X0NlzOfpMhb\/\/StbcPWcQhQRw1fXoILzchi\" \/><\/div>\n<\/fieldset>\n<\/div>\n\n<p style=\"display: none !important;\" class=\"akismet-fields-container\" data-prefix=\"ak_\"><label>&#916;<textarea name=\"ak_hp_textarea\" cols=\"45\" rows=\"8\" maxlength=\"100\"><\/textarea><\/label><input type=\"hidden\" id=\"ak_js_1\" name=\"ak_js\" value=\"234\"\/><script>document.getElementById( \"ak_js_1\" ).setAttribute( \"value\", ( new Date() ).getTime() );<\/script><\/p><\/form>\n<\/div>\n\t\t\t\t<\/div>\n\t\t\t\t<\/div>\n\t\t\t\t\t<\/div>\n\t\t\t\t<\/div>\n\t\t\t\t<\/div>\n\t\t","protected":false},"excerpt":{"rendered":"<p>Les Ateliers Fistanciels C&rsquo;est quoi les Ateliers FISTANCIELS ? Les Ateliers Fistanciels sont des ATELIERS TRANSMIFFION, et des FISTIN&rsquo;CLASSES qui se font en visioconf\u00e9rence. Ces ateliers permettent aux personnes qui [&hellip;]<\/p>\n","protected":false},"author":2,"featured_media":0,"parent":0,"menu_order":0,"comment_status":"closed","ping_status":"closed","template":"","meta":{"_price":"","_stock":"","_tribe_ticket_header":"","_tribe_default_ticket_provider":"","_tribe_ticket_capacity":"0","_ticket_start_date":"","_ticket_end_date":"","_tribe_ticket_show_description":"","_tribe_ticket_show_not_going":false,"_tribe_ticket_use_global_stock":"","_tribe_ticket_global_stock_level":"","_global_stock_mode":"","_global_stock_cap":"","_tribe_rsvp_for_event":"","_tribe_ticket_going_count":"","_tribe_ticket_not_going_count":"","_tribe_tickets_list":"[]","_tribe_ticket_has_attendee_info_fields":false,"footnotes":""},"class_list":["post-51","page","type-page","status-publish","hentry","entry"],"yoast_head":"<!-- This site is optimized with the Yoast SEO plugin v23.5 - https:\/\/yoast.com\/wordpress\/plugins\/seo\/ -->\n<title>Les Ateliers Fistanciels - Newlafistiniere<\/title>\n<meta name=\"robots\" content=\"noindex, follow, max-snippet:-1, max-image-preview:large, max-video-preview:-1\" \/>\n<meta property=\"og:locale\" content=\"fr_FR\" \/>\n<meta property=\"og:type\" content=\"article\" \/>\n<meta property=\"og:title\" content=\"Les Ateliers Fistanciels - Newlafistiniere\" \/>\n<meta property=\"og:description\" content=\"Les Ateliers Fistanciels C&rsquo;est quoi les Ateliers FISTANCIELS ? Les Ateliers Fistanciels sont des ATELIERS TRANSMIFFION, et des FISTIN&rsquo;CLASSES qui se font en visioconf\u00e9rence. Ces ateliers permettent aux personnes qui [&hellip;]\" \/>\n<meta property=\"og:url\" content=\"https:\/\/nouveau.lafistiniere.com\/www\/a-cosne-sur-loire\/\" \/>\n<meta property=\"og:site_name\" content=\"Newlafistiniere\" \/>\n<meta property=\"article:modified_time\" content=\"2024-07-30T13:46:54+00:00\" \/>\n<meta property=\"og:image\" content=\"https:\/\/nouveau.lafistiniere.com\/www\/wp-content\/uploads\/2024\/07\/Homme-en-visio-conference.-700-pix.jpg\" \/>\n<meta name=\"twitter:card\" content=\"summary_large_image\" \/>\n<meta name=\"twitter:label1\" content=\"Dur\u00e9e de lecture estim\u00e9e\" \/>\n\t<meta name=\"twitter:data1\" content=\"2 minutes\" \/>\n<script type=\"application\/ld+json\" class=\"yoast-schema-graph\">{\"@context\":\"https:\/\/schema.org\",\"@graph\":[{\"@type\":\"WebPage\",\"@id\":\"https:\/\/nouveau.lafistiniere.com\/www\/a-cosne-sur-loire\/\",\"url\":\"https:\/\/nouveau.lafistiniere.com\/www\/a-cosne-sur-loire\/\",\"name\":\"Les Ateliers Fistanciels - Newlafistiniere\",\"isPartOf\":{\"@id\":\"https:\/\/nouveau.lafistiniere.com\/www\/#website\"},\"primaryImageOfPage\":{\"@id\":\"https:\/\/nouveau.lafistiniere.com\/www\/a-cosne-sur-loire\/#primaryimage\"},\"image\":{\"@id\":\"https:\/\/nouveau.lafistiniere.com\/www\/a-cosne-sur-loire\/#primaryimage\"},\"thumbnailUrl\":\"https:\/\/nouveau.lafistiniere.com\/www\/wp-content\/uploads\/2024\/07\/Homme-en-visio-conference.-700-pix.jpg\",\"datePublished\":\"2023-10-04T15:50:10+00:00\",\"dateModified\":\"2024-07-30T13:46:54+00:00\",\"breadcrumb\":{\"@id\":\"https:\/\/nouveau.lafistiniere.com\/www\/a-cosne-sur-loire\/#breadcrumb\"},\"inLanguage\":\"fr-FR\",\"potentialAction\":[{\"@type\":\"ReadAction\",\"target\":[\"https:\/\/nouveau.lafistiniere.com\/www\/a-cosne-sur-loire\/\"]}]},{\"@type\":\"ImageObject\",\"inLanguage\":\"fr-FR\",\"@id\":\"https:\/\/nouveau.lafistiniere.com\/www\/a-cosne-sur-loire\/#primaryimage\",\"url\":\"https:\/\/nouveau.lafistiniere.com\/www\/wp-content\/uploads\/2024\/07\/Homme-en-visio-conference.-700-pix.jpg\",\"contentUrl\":\"https:\/\/nouveau.lafistiniere.com\/www\/wp-content\/uploads\/2024\/07\/Homme-en-visio-conference.-700-pix.jpg\",\"width\":700,\"height\":467,\"caption\":\"Un participant des ateliers Fistanciels suit une session en ligne depuis chez lui\"},{\"@type\":\"BreadcrumbList\",\"@id\":\"https:\/\/nouveau.lafistiniere.com\/www\/a-cosne-sur-loire\/#breadcrumb\",\"itemListElement\":[{\"@type\":\"ListItem\",\"position\":1,\"name\":\"Accueil\",\"item\":\"https:\/\/nouveau.lafistiniere.com\/www\/\"},{\"@type\":\"ListItem\",\"position\":2,\"name\":\"Les Ateliers Fistanciels\"}]},{\"@type\":\"WebSite\",\"@id\":\"https:\/\/nouveau.lafistiniere.com\/www\/#website\",\"url\":\"https:\/\/nouveau.lafistiniere.com\/www\/\",\"name\":\"Newlafistiniere\",\"description\":\"La Fistini\u00e8re s&#039;\u00e9largit pour venir jusqu&#039;\u00e0 toi.\",\"publisher\":{\"@id\":\"https:\/\/nouveau.lafistiniere.com\/www\/#organization\"},\"potentialAction\":[{\"@type\":\"SearchAction\",\"target\":{\"@type\":\"EntryPoint\",\"urlTemplate\":\"https:\/\/nouveau.lafistiniere.com\/www\/?s={search_term_string}\"},\"query-input\":{\"@type\":\"PropertyValueSpecification\",\"valueRequired\":true,\"valueName\":\"search_term_string\"}}],\"inLanguage\":\"fr-FR\"},{\"@type\":\"Organization\",\"@id\":\"https:\/\/nouveau.lafistiniere.com\/www\/#organization\",\"name\":\"Newlafistiniere\",\"url\":\"https:\/\/nouveau.lafistiniere.com\/www\/\",\"logo\":{\"@type\":\"ImageObject\",\"inLanguage\":\"fr-FR\",\"@id\":\"https:\/\/nouveau.lafistiniere.com\/www\/#\/schema\/logo\/image\/\",\"url\":\"https:\/\/nouveau.lafistiniere.com\/www\/wp-content\/uploads\/2023\/10\/cropped-LE-LOGO-R-taille-reduite.jpg\",\"contentUrl\":\"https:\/\/nouveau.lafistiniere.com\/www\/wp-content\/uploads\/2023\/10\/cropped-LE-LOGO-R-taille-reduite.jpg\",\"width\":799,\"height\":730,\"caption\":\"Newlafistiniere\"},\"image\":{\"@id\":\"https:\/\/nouveau.lafistiniere.com\/www\/#\/schema\/logo\/image\/\"}}]}<\/script>\n<!-- \/ Yoast SEO plugin. -->","yoast_head_json":{"title":"Les Ateliers Fistanciels - Newlafistiniere","robots":{"index":"noindex","follow":"follow","max-snippet":"max-snippet:-1","max-image-preview":"max-image-preview:large","max-video-preview":"max-video-preview:-1"},"og_locale":"fr_FR","og_type":"article","og_title":"Les Ateliers Fistanciels - Newlafistiniere","og_description":"Les Ateliers Fistanciels C&rsquo;est quoi les Ateliers FISTANCIELS ? Les Ateliers Fistanciels sont des ATELIERS TRANSMIFFION, et des FISTIN&rsquo;CLASSES qui se font en visioconf\u00e9rence. Ces ateliers permettent aux personnes qui [&hellip;]","og_url":"https:\/\/nouveau.lafistiniere.com\/www\/a-cosne-sur-loire\/","og_site_name":"Newlafistiniere","article_modified_time":"2024-07-30T13:46:54+00:00","og_image":[{"url":"https:\/\/nouveau.lafistiniere.com\/www\/wp-content\/uploads\/2024\/07\/Homme-en-visio-conference.-700-pix.jpg"}],"twitter_card":"summary_large_image","twitter_misc":{"Dur\u00e9e de lecture estim\u00e9e":"2 minutes"},"schema":{"@context":"https:\/\/schema.org","@graph":[{"@type":"WebPage","@id":"https:\/\/nouveau.lafistiniere.com\/www\/a-cosne-sur-loire\/","url":"https:\/\/nouveau.lafistiniere.com\/www\/a-cosne-sur-loire\/","name":"Les Ateliers Fistanciels - Newlafistiniere","isPartOf":{"@id":"https:\/\/nouveau.lafistiniere.com\/www\/#website"},"primaryImageOfPage":{"@id":"https:\/\/nouveau.lafistiniere.com\/www\/a-cosne-sur-loire\/#primaryimage"},"image":{"@id":"https:\/\/nouveau.lafistiniere.com\/www\/a-cosne-sur-loire\/#primaryimage"},"thumbnailUrl":"https:\/\/nouveau.lafistiniere.com\/www\/wp-content\/uploads\/2024\/07\/Homme-en-visio-conference.-700-pix.jpg","datePublished":"2023-10-04T15:50:10+00:00","dateModified":"2024-07-30T13:46:54+00:00","breadcrumb":{"@id":"https:\/\/nouveau.lafistiniere.com\/www\/a-cosne-sur-loire\/#breadcrumb"},"inLanguage":"fr-FR","potentialAction":[{"@type":"ReadAction","target":["https:\/\/nouveau.lafistiniere.com\/www\/a-cosne-sur-loire\/"]}]},{"@type":"ImageObject","inLanguage":"fr-FR","@id":"https:\/\/nouveau.lafistiniere.com\/www\/a-cosne-sur-loire\/#primaryimage","url":"https:\/\/nouveau.lafistiniere.com\/www\/wp-content\/uploads\/2024\/07\/Homme-en-visio-conference.-700-pix.jpg","contentUrl":"https:\/\/nouveau.lafistiniere.com\/www\/wp-content\/uploads\/2024\/07\/Homme-en-visio-conference.-700-pix.jpg","width":700,"height":467,"caption":"Un participant des ateliers Fistanciels suit une session en ligne depuis chez lui"},{"@type":"BreadcrumbList","@id":"https:\/\/nouveau.lafistiniere.com\/www\/a-cosne-sur-loire\/#breadcrumb","itemListElement":[{"@type":"ListItem","position":1,"name":"Accueil","item":"https:\/\/nouveau.lafistiniere.com\/www\/"},{"@type":"ListItem","position":2,"name":"Les Ateliers Fistanciels"}]},{"@type":"WebSite","@id":"https:\/\/nouveau.lafistiniere.com\/www\/#website","url":"https:\/\/nouveau.lafistiniere.com\/www\/","name":"Newlafistiniere","description":"La Fistini\u00e8re s&#039;\u00e9largit pour venir jusqu&#039;\u00e0 toi.","publisher":{"@id":"https:\/\/nouveau.lafistiniere.com\/www\/#organization"},"potentialAction":[{"@type":"SearchAction","target":{"@type":"EntryPoint","urlTemplate":"https:\/\/nouveau.lafistiniere.com\/www\/?s={search_term_string}"},"query-input":{"@type":"PropertyValueSpecification","valueRequired":true,"valueName":"search_term_string"}}],"inLanguage":"fr-FR"},{"@type":"Organization","@id":"https:\/\/nouveau.lafistiniere.com\/www\/#organization","name":"Newlafistiniere","url":"https:\/\/nouveau.lafistiniere.com\/www\/","logo":{"@type":"ImageObject","inLanguage":"fr-FR","@id":"https:\/\/nouveau.lafistiniere.com\/www\/#\/schema\/logo\/image\/","url":"https:\/\/nouveau.lafistiniere.com\/www\/wp-content\/uploads\/2023\/10\/cropped-LE-LOGO-R-taille-reduite.jpg","contentUrl":"https:\/\/nouveau.lafistiniere.com\/www\/wp-content\/uploads\/2023\/10\/cropped-LE-LOGO-R-taille-reduite.jpg","width":799,"height":730,"caption":"Newlafistiniere"},"image":{"@id":"https:\/\/nouveau.lafistiniere.com\/www\/#\/schema\/logo\/image\/"}}]}},"ticketed":false,"_links":{"self":[{"href":"https:\/\/nouveau.lafistiniere.com\/www\/wp-json\/wp\/v2\/pages\/51","targetHints":{"allow":["GET"]}}],"collection":[{"href":"https:\/\/nouveau.lafistiniere.com\/www\/wp-json\/wp\/v2\/pages"}],"about":[{"href":"https:\/\/nouveau.lafistiniere.com\/www\/wp-json\/wp\/v2\/types\/page"}],"author":[{"embeddable":true,"href":"https:\/\/nouveau.lafistiniere.com\/www\/wp-json\/wp\/v2\/users\/2"}],"replies":[{"embeddable":true,"href":"https:\/\/nouveau.lafistiniere.com\/www\/wp-json\/wp\/v2\/comments?post=51"}],"version-history":[{"count":16,"href":"https:\/\/nouveau.lafistiniere.com\/www\/wp-json\/wp\/v2\/pages\/51\/revisions"}],"predecessor-version":[{"id":542,"href":"https:\/\/nouveau.lafistiniere.com\/www\/wp-json\/wp\/v2\/pages\/51\/revisions\/542"}],"wp:attachment":[{"href":"https:\/\/nouveau.lafistiniere.com\/www\/wp-json\/wp\/v2\/media?parent=51"}],"curies":[{"name":"wp","href":"https:\/\/api.w.org\/{rel}","templated":true}]}}